{"id":13604,"date":"2025-10-03T21:40:12","date_gmt":"2025-10-03T21:40:12","guid":{"rendered":"https:\/\/hurghadablend.com\/transportion\/"},"modified":"2025-10-30T23:21:16","modified_gmt":"2025-10-30T23:21:16","slug":"transport","status":"publish","type":"page","link":"https:\/\/hurghadablend.com\/de\/transport\/","title":{"rendered":"Transport"},"content":{"rendered":"\t\t<div data-elementor-type=\"wp-page\" data-elementor-id=\"13604\" class=\"elementor elementor-13604 elementor-10505\" data-elementor-settings=\"{&quot;ha_cmc_init_switcher&quot;:&quot;no&quot;}\">\n\t\t\t\t<div class=\"elementor-element elementor-element-7d013c9 e-flex e-con-boxed e-con e-parent\" data-id=\"7d013c9\" data-element_type=\"container\" data-settings=\"{&quot;background_background&quot;:&quot;classic&quot;,&quot;_ha_eqh_enable&quot;:false}\">\n\t\t\t\t\t<div class=\"e-con-inner\">\n\t\t<div class=\"elementor-element elementor-element-ce62fea e-con-full e-flex e-con e-child\" data-id=\"ce62fea\" data-element_type=\"container\" data-settings=\"{&quot;_ha_eqh_enable&quot;:false}\">\n\t\t\t\t<div class=\"elementor-element elementor-element-3551d90 elementor-invisible elementor-widget elementor-widget-heading\" data-id=\"3551d90\" data-element_type=\"widget\" data-settings=\"{&quot;_animation&quot;:&quot;fadeInUp&quot;}\" data-widget_type=\"heading.default\">\n\t\t\t\t<div class=\"elementor-widget-container\">\n\t\t\t\t\t<h2 class=\"elementor-heading-title elementor-size-default\">Komfortabler Transport f\u00fcr jede Reise<\/h2>\t\t\t\t<\/div>\n\t\t\t\t<\/div>\n\t\t\t\t<div class=\"elementor-element elementor-element-06bee3f elementor-widget__width-inherit elementor-widget-mobile__width-inherit elementor-invisible elementor-widget elementor-widget-heading\" data-id=\"06bee3f\" data-element_type=\"widget\" data-settings=\"{&quot;_animation&quot;:&quot;fadeIn&quot;}\" data-widget_type=\"heading.default\">\n\t\t\t\t<div class=\"elementor-widget-container\">\n\t\t\t\t\t<h2 class=\"elementor-heading-title elementor-size-default\">Bei Hurghada Blend sorgen wir daf\u00fcr, dass Ihr Reiseerlebnis komfortabel beginnt und endet. Ob Sie zum Flughafen fahren, an einem Meeresabenteuer teilnehmen oder \u00c4gyptens historische St\u00e4dte erkunden \u2013 unsere privaten und gemeinsamen Transfers garantieren Sicherheit, P\u00fcnktlichkeit und ein beruhigendes Gef\u00fchl.\nGenie\u00dfen Sie moderne, klimatisierte Fahrzeuge, die von professionellen Fahrern gesteuert werden, die Ihre Zeit und Ihren Komfort sch\u00e4tzen. Ob Alleinreisende, Familien oder gro\u00dfe Gruppen \u2013 wir bieten zuverl\u00e4ssige Transportdienste, die auf Ihren Zeitplan zugeschnitten sind \u2013 denn jede gro\u00dfartige Reise beginnt mit einer reibungslosen Fahrt.<\/h2>\t\t\t\t<\/div>\n\t\t\t\t<\/div>\n\t\t\t\t<\/div>\n\t\t<div class=\"elementor-element elementor-element-1c1c445 e-con-full e-flex e-con e-child\" data-id=\"1c1c445\" data-element_type=\"container\" data-settings=\"{&quot;background_background&quot;:&quot;classic&quot;,&quot;_ha_eqh_enable&quot;:false}\">\n\t\t\t\t<div class=\"elementor-element elementor-element-3d27c04 e-transform elementor-invisible elementor-widget elementor-widget-image\" data-id=\"3d27c04\" data-element_type=\"widget\" data-settings=\"{&quot;_animation&quot;:&quot;fadeInRight&quot;,&quot;_transform_rotateZ_effect&quot;:{&quot;unit&quot;:&quot;px&quot;,&quot;size&quot;:0,&quot;sizes&quot;:[]},&quot;_transform_rotate_3d&quot;:&quot;yes&quot;,&quot;_transform_rotateX_effect&quot;:{&quot;unit&quot;:&quot;px&quot;,&quot;size&quot;:0,&quot;sizes&quot;:[]},&quot;_transform_rotateY_effect&quot;:{&quot;unit&quot;:&quot;px&quot;,&quot;size&quot;:-0.2,&quot;sizes&quot;:[]},&quot;_transform_rotateZ_effect_laptop&quot;:{&quot;unit&quot;:&quot;deg&quot;,&quot;size&quot;:&quot;&quot;,&quot;sizes&quot;:[]},&quot;_transform_rotateZ_effect_tablet&quot;:{&quot;unit&quot;:&quot;deg&quot;,&quot;size&quot;:&quot;&quot;,&quot;sizes&quot;:[]},&quot;_transform_rotateZ_effect_mobile&quot;:{&quot;unit&quot;:&quot;deg&quot;,&quot;size&quot;:&quot;&quot;,&quot;sizes&quot;:[]},&quot;_transform_rotateX_effect_laptop&quot;:{&quot;unit&quot;:&quot;deg&quot;,&quot;size&quot;:&quot;&quot;,&quot;sizes&quot;:[]},&quot;_transform_rotateX_effect_tablet&quot;:{&quot;unit&quot;:&quot;deg&quot;,&quot;size&quot;:&quot;&quot;,&quot;sizes&quot;:[]},&quot;_transform_rotateX_effect_mobile&quot;:{&quot;unit&quot;:&quot;deg&quot;,&quot;size&quot;:&quot;&quot;,&quot;sizes&quot;:[]},&quot;_transform_rotateY_effect_laptop&quot;:{&quot;unit&quot;:&quot;deg&quot;,&quot;size&quot;:&quot;&quot;,&quot;sizes&quot;:[]},&quot;_transform_rotateY_effect_tablet&quot;:{&quot;unit&quot;:&quot;deg&quot;,&quot;size&quot;:&quot;&quot;,&quot;sizes&quot;:[]},&quot;_transform_rotateY_effect_mobile&quot;:{&quot;unit&quot;:&quot;deg&quot;,&quot;size&quot;:&quot;&quot;,&quot;sizes&quot;:[]},&quot;_transform_perspective_effect&quot;:{&quot;unit&quot;:&quot;px&quot;,&quot;size&quot;:&quot;&quot;,&quot;sizes&quot;:[]},&quot;_transform_perspective_effect_laptop&quot;:{&quot;unit&quot;:&quot;px&quot;,&quot;size&quot;:&quot;&quot;,&quot;sizes&quot;:[]},&quot;_transform_perspective_effect_tablet&quot;:{&quot;unit&quot;:&quot;px&quot;,&quot;size&quot;:&quot;&quot;,&quot;sizes&quot;:[]},&quot;_transform_perspective_effect_mobile&quot;:{&quot;unit&quot;:&quot;px&quot;,&quot;size&quot;:&quot;&quot;,&quot;sizes&quot;:[]}}\" data-widget_type=\"image.default\">\n\t\t\t\t<div class=\"elementor-widget-container\">\n\t\t\t\t\t\t\t\t\t\t\t\t\t\t\t<img fetchpriority=\"high\" decoding=\"async\" width=\"1600\" height=\"1229\" src=\"https:\/\/hurghadablend.com\/wp-content\/uploads\/2025\/10\/rawan-yasser-tOlA5AuxQa0-unsplash-scaled-e1755686364352.jpg\" class=\"attachment-full size-full wp-image-12837\" alt=\"\" srcset=\"https:\/\/hurghadablend.com\/wp-content\/uploads\/2025\/10\/rawan-yasser-tOlA5AuxQa0-unsplash-scaled-e1755686364352.jpg 1600w, https:\/\/hurghadablend.com\/wp-content\/uploads\/2025\/10\/rawan-yasser-tOlA5AuxQa0-unsplash-scaled-e1755686364352-768x589.jpg 768w, https:\/\/hurghadablend.com\/wp-content\/uploads\/2025\/10\/rawan-yasser-tOlA5AuxQa0-unsplash-scaled-e1755686364352-600x460.jpg 600w\" sizes=\"(max-width: 1600px) 100vw, 1600px\" \/>\t\t\t\t\t\t\t\t\t\t\t\t\t\t\t<\/div>\n\t\t\t\t<\/div>\n\t\t\t\t<\/div>\n\t\t\t\t\t<\/div>\n\t\t\t\t<\/div>\n\t\t<div class=\"elementor-element elementor-element-08ca8bd e-flex e-con-boxed e-con e-parent\" data-id=\"08ca8bd\" data-element_type=\"container\" data-settings=\"{&quot;background_background&quot;:&quot;classic&quot;,&quot;_ha_eqh_enable&quot;:false}\">\n\t\t\t\t\t<div class=\"e-con-inner\">\n\t\t\t\t<div class=\"elementor-element elementor-element-c66cdc2 elementor-invisible elementor-widget elementor-widget-heading\" data-id=\"c66cdc2\" data-element_type=\"widget\" data-settings=\"{&quot;_animation&quot;:&quot;fadeInUp&quot;}\" data-widget_type=\"heading.default\">\n\t\t\t\t<div class=\"elementor-widget-container\">\n\t\t\t\t\t<h2 class=\"elementor-heading-title elementor-size-default\">Buchen Sie jetzt Ihre Nilkreuzfahrt<\/h2>\t\t\t\t<\/div>\n\t\t\t\t<\/div>\n\t\t<div class=\"elementor-element elementor-element-943088b e-con-full e-flex e-con e-child\" data-id=\"943088b\" data-element_type=\"container\" data-settings=\"{&quot;_ha_eqh_enable&quot;:false}\">\n\t\t\t\t<div class=\"elementor-element elementor-element-5b96ce1 elementor-widget__width-initial nile-cruise-form elementor-widget elementor-widget-shortcode\" data-id=\"5b96ce1\" data-element_type=\"widget\" data-widget_type=\"shortcode.default\">\n\t\t\t\t<div class=\"elementor-widget-container\">\n\t\t\t\t\t\t\t<div class=\"elementor-shortcode\">\n<div class=\"wpcf7 no-js\" id=\"wpcf7-f10503-o1\" lang=\"en-US\" dir=\"ltr\" data-wpcf7-id=\"10503\">\n<div class=\"screen-reader-response\"><p role=\"status\" aria-live=\"polite\" aria-atomic=\"true\"><\/p> <ul><\/ul><\/div>\n<form action=\"\/de\/wp-json\/wp\/v2\/pages\/13604#wpcf7-f10503-o1\" method=\"post\" class=\"wpcf7-form init\" aria-label=\"Contact form\" novalidate=\"novalidate\" data-status=\"init\">\n<fieldset class=\"hidden-fields-container\"><input type=\"hidden\" name=\"_wpcf7\" value=\"10503\" \/><input type=\"hidden\" name=\"_wpcf7_version\" value=\"6.1.4\" \/><input type=\"hidden\" name=\"_wpcf7_locale\" value=\"en_US\" \/><input type=\"hidden\" name=\"_wpcf7_unit_tag\" value=\"wpcf7-f10503-o1\" \/><input type=\"hidden\" name=\"_wpcf7_container_post\" value=\"0\" \/><input type=\"hidden\" name=\"_wpcf7_posted_data_hash\" value=\"\" \/>\n<\/fieldset>\n<div class=\"seagate-form transfer-form st-contact-form st-border-new\">\n\t<h3 style=\"color:#0c5c6f;\">R\u00e9server un transfert\n\t<\/h3>\n\t<div class=\"mt30\">\n\t\t<div class=\"row\">\n\t\t\t<div class=\"col-md-6\">\n\t\t\t\t<div class=\"form-group\">\n\t\t\t\t\t<p><label for=\"full_name\">Nom complet*<\/label><br \/>\n<span class=\"wpcf7-form-control-wrap\" data-name=\"full_name\"><input size=\"40\" maxlength=\"400\" class=\"wpcf7-form-control wpcf7-text wpcf7-validates-as-required form-control\" id=\"full_name\" aria-required=\"true\" aria-invalid=\"false\" placeholder=\"Nom complet\" value=\"\" type=\"text\" name=\"full_name\" \/><\/span>\n\t\t\t\t\t<\/p>\n\t\t\t\t<\/div>\n\t\t\t<\/div>\n\t\t\t<div class=\"col-md-6\">\n\t\t\t\t<div class=\"form-group\">\n\t\t\t\t\t<p><label for=\"email\">Adresse e-mail*<\/label><br \/>\n<span class=\"wpcf7-form-control-wrap\" data-name=\"email\"><input size=\"40\" maxlength=\"400\" class=\"wpcf7-form-control wpcf7-email wpcf7-validates-as-required wpcf7-text wpcf7-validates-as-email form-control\" id=\"email\" aria-required=\"true\" aria-invalid=\"false\" placeholder=\"Adresse e-mail\" value=\"\" type=\"email\" name=\"email\" \/><\/span>\n\t\t\t\t\t<\/p>\n\t\t\t\t<\/div>\n\t\t\t<\/div>\n\t\t<\/div>\n\t\t<div class=\"row\">\n\t\t\t<div class=\"col-md-6\">\n\t\t\t\t<div class=\"form-group\">\n\t\t\t\t\t<p><label for=\"phone\">Num\u00e9ro de t\u00e9l\u00e9phone*<\/label><br \/>\n<span class=\"wpcf7-form-control-wrap\" data-name=\"phone\"><input size=\"40\" maxlength=\"400\" class=\"wpcf7-form-control wpcf7-tel wpcf7-validates-as-required wpcf7-text wpcf7-validates-as-tel form-control\" id=\"phone\" aria-required=\"true\" aria-invalid=\"false\" placeholder=\"Num\u00e9ro de t\u00e9l\u00e9phone\" value=\"\" type=\"tel\" name=\"phone\" \/><\/span>\n\t\t\t\t\t<\/p>\n\t\t\t\t<\/div>\n\t\t\t<\/div>\n\t\t\t<div class=\"col-md-6\">\n\t\t\t\t<div class=\"form-group\">\n\t\t\t\t\t<p><label for=\"transfer_type\">Type de transfert*<\/label><br \/>\n<span class=\"wpcf7-form-control-wrap\" data-name=\"transfer_type\"><select class=\"wpcf7-form-control wpcf7-select wpcf7-validates-as-required form-control\" id=\"transfer_type\" aria-required=\"true\" aria-invalid=\"false\" name=\"transfer_type\"><option value=\"S\u00e9lectionnez le type de transfert\">S\u00e9lectionnez le type de transfert<\/option><option value=\"Transfert depuis l\u2019a\u00e9roport\">Transfert depuis l\u2019a\u00e9roport<\/option><option value=\"Transfert vers l\u2019a\u00e9roport\">Transfert vers l\u2019a\u00e9roport<\/option><option value=\"Transfert h\u00f4tel\">Transfert h\u00f4tel<\/option><option value=\"De ville \u00e0 ville\">De ville \u00e0 ville<\/option><\/select><\/span>\n\t\t\t\t\t<\/p>\n\t\t\t\t<\/div>\n\t\t\t<\/div>\n\t\t<\/div>\n\t\t<div class=\"row\">\n\t\t\t<div class=\"col-md-6\">\n\t\t\t\t<div class=\"form-group\">\n\t\t\t\t\t<p><label for=\"transfer_date\">Date du transfert*<\/label><br \/>\n<span class=\"wpcf7-form-control-wrap\" data-name=\"transfer_date\"><input class=\"wpcf7-form-control wpcf7-date wpcf7-validates-as-required wpcf7-validates-as-date form-control\" id=\"transfer_date\" aria-required=\"true\" aria-invalid=\"false\" placeholder=\"Date du transfert\" value=\"\" type=\"date\" name=\"transfer_date\" \/><\/span>\n\t\t\t\t\t<\/p>\n\t\t\t\t<\/div>\n\t\t\t<\/div>\n\t\t\t<div class=\"col-md-6\">\n\t\t\t\t<div class=\"form-group\">\n\t\t\t\t\t<p><label for=\"transfer_time\">Heure*<\/label><br \/>\n<span class=\"wpcf7-form-control-wrap\" data-name=\"transfer_time\"><input size=\"40\" maxlength=\"400\" class=\"wpcf7-form-control wpcf7-text wpcf7-validates-as-required form-control\" id=\"transfer_time\" aria-required=\"true\" aria-invalid=\"false\" placeholder=\"Heure (ex. 14:00)\" value=\"\" type=\"text\" name=\"transfer_time\" \/><\/span>\n\t\t\t\t\t<\/p>\n\t\t\t\t<\/div>\n\t\t\t<\/div>\n\t\t<\/div>\n\t\t<div class=\"row\">\n\t\t\t<div class=\"col-md-6\">\n\t\t\t\t<div class=\"form-group\">\n\t\t\t\t\t<p><label for=\"pickup_location\">Lieu de prise en charge*<\/label><br \/>\n<span class=\"wpcf7-form-control-wrap\" data-name=\"pickup_location\"><input size=\"40\" maxlength=\"400\" class=\"wpcf7-form-control wpcf7-text wpcf7-validates-as-required form-control\" id=\"pickup_location\" aria-required=\"true\" aria-invalid=\"false\" placeholder=\"Lieu de prise en charge\" value=\"\" type=\"text\" name=\"pickup_location\" \/><\/span>\n\t\t\t\t\t<\/p>\n\t\t\t\t<\/div>\n\t\t\t<\/div>\n\t\t\t<div class=\"col-md-6\">\n\t\t\t\t<div class=\"form-group\">\n\t\t\t\t\t<p><label for=\"dropoff_location\">Lieu de d\u00e9pose*<\/label><br \/>\n<span class=\"wpcf7-form-control-wrap\" data-name=\"dropoff_location\"><input size=\"40\" maxlength=\"400\" class=\"wpcf7-form-control wpcf7-text wpcf7-validates-as-required form-control\" id=\"dropoff_location\" aria-required=\"true\" aria-invalid=\"false\" placeholder=\"Lieu de d\u00e9pose\" value=\"\" type=\"text\" name=\"dropoff_location\" \/><\/span>\n\t\t\t\t\t<\/p>\n\t\t\t\t<\/div>\n\t\t\t<\/div>\n\t\t<\/div>\n\t\t<div class=\"row\">\n\t\t\t<div class=\"col-md-3\">\n\t\t\t\t<div class=\"form-group\">\n\t\t\t\t\t<p><label for=\"passengers\">Nombre de passagers<\/label><br \/>\n<span class=\"wpcf7-form-control-wrap\" data-name=\"passengers\"><input class=\"wpcf7-form-control wpcf7-number wpcf7-validates-as-number form-control\" id=\"passengers\" min=\"1\" aria-invalid=\"false\" placeholder=\"Passagers\" value=\"\" type=\"number\" name=\"passengers\" \/><\/span>\n\t\t\t\t\t<\/p>\n\t\t\t\t<\/div>\n\t\t\t<\/div>\n\t\t<\/div>\n\t\t<div class=\"form-group\">\n\t\t\t<p><label for=\"message\">Remarques suppl\u00e9mentaires (optionnel)<\/label><br \/>\n<span class=\"wpcf7-form-control-wrap\" data-name=\"message\"><textarea cols=\"40\" rows=\"10\" maxlength=\"2000\" class=\"wpcf7-form-control wpcf7-textarea form-control\" id=\"message\" aria-invalid=\"false\" placeholder=\"Remarques suppl\u00e9mentaires (optionnel)\" name=\"message\"><\/textarea><\/span>\n\t\t\t<\/p>\n\t\t<\/div>\n\t\t<div class=\"st-button-subbmit\">\n\t\t\t<p><input class=\"wpcf7-form-control wpcf7-submit has-spinner btn text-center btn-v2 btn-primary\" type=\"submit\" value=\"R\u00e9server le transfert\" \/>\n\t\t\t<\/p>\n\t\t<\/div>\n\t<\/div>\n<\/div><div class=\"wpcf7-response-output\" aria-hidden=\"true\"><\/div>\n<\/form>\n<\/div>\n<\/div>\n\t\t\t\t\t\t<\/div>\n\t\t\t\t<\/div>\n\t\t\t\t<\/div>\n\t\t\t\t\t<\/div>\n\t\t\t\t<\/div>\n\t\t\t\t<\/div>\n\t\t","protected":false},"excerpt":{"rendered":"<p>Komfortabler Transport f\u00fcr jede Reise Bei Hurghada Blend sorgen wir daf\u00fcr, dass Ihr Reiseerlebnis komfortabel beginnt und endet. Ob Sie zum Flughafen fahren, an einem Meeresabenteuer teilnehmen oder \u00c4gyptens historische St\u00e4dte erkunden \u2013 unsere privaten und gemeinsamen Transfers garantieren Sicherheit, P\u00fcnktlichkeit und ein beruhigendes Gef\u00fchl. Genie\u00dfen Sie moderne, klimatisierte Fahrzeuge, die von professionellen Fahrern gesteuert [&hellip;]<\/p>\n","protected":false},"author":1,"featured_media":12955,"parent":0,"menu_order":0,"comment_status":"closed","ping_status":"closed","template":"","meta":{"footnotes":""},"class_list":["post-13604","page","type-page","status-publish","has-post-thumbnail","hentry"],"yoast_head":"<!-- This site is optimized with the Yoast SEO plugin v26.5 - https:\/\/yoast.com\/wordpress\/plugins\/seo\/ -->\n<title>Transport - Hurghada Blend<\/title>\n<meta name=\"description\" content=\"Komfortabler Transport f\u00fcr jede Reise Bei Hurghada Blend sorgen wir daf\u00fcr, dass Ihr Reiseerlebnis komfortabel beginnt und endet. Ob Sie zum Flughafen\" \/>\n<meta name=\"robots\" content=\"index, follow, max-snippet:-1, max-image-preview:large, max-video-preview:-1\" \/>\n<link rel=\"canonical\" href=\"https:\/\/hurghadablend.com\/transportion\/\" \/>\n<meta property=\"og:locale\" content=\"de_DE\" \/>\n<meta property=\"og:type\" content=\"article\" \/>\n<meta property=\"og:title\" content=\"Transport - Hurghada Blend\" \/>\n<meta property=\"og:description\" content=\"Komfortabler Transport f\u00fcr jede Reise Bei Hurghada Blend sorgen wir daf\u00fcr, dass Ihr Reiseerlebnis komfortabel beginnt und endet. Ob Sie zum Flughafen\" \/>\n<meta property=\"og:url\" content=\"https:\/\/hurghadablend.com\/transportion\/\" \/>\n<meta property=\"og:site_name\" content=\"Hurghada Blend\" \/>\n<meta property=\"article:modified_time\" content=\"2025-10-30T23:21:16+00:00\" \/>\n<meta property=\"og:image\" content=\"https:\/\/hurghadablend.com\/wp-content\/uploads\/2025\/10\/899.webp\" \/>\n\t<meta property=\"og:image:width\" content=\"1000\" \/>\n\t<meta property=\"og:image:height\" content=\"375\" \/>\n\t<meta property=\"og:image:type\" content=\"image\/webp\" \/>\n<meta name=\"twitter:card\" content=\"summary_large_image\" \/>\n<meta name=\"twitter:label1\" content=\"Gesch\u00e4tzte Lesezeit\" \/>\n\t<meta name=\"twitter:data1\" content=\"1\u00a0Minute\" \/>\n<script type=\"application\/ld+json\" class=\"yoast-schema-graph\">{\"@context\":\"https:\/\/schema.org\",\"@graph\":[{\"@type\":\"WebPage\",\"@id\":\"https:\/\/hurghadablend.com\/transportion\/\",\"url\":\"https:\/\/hurghadablend.com\/transportion\/\",\"name\":\"Transport - Hurghada Blend\",\"isPartOf\":{\"@id\":\"https:\/\/hurghadablend.com\/#website\"},\"primaryImageOfPage\":{\"@id\":\"https:\/\/hurghadablend.com\/transportion\/#primaryimage\"},\"image\":{\"@id\":\"https:\/\/hurghadablend.com\/transportion\/#primaryimage\"},\"thumbnailUrl\":\"https:\/\/hurghadablend.com\/wp-content\/uploads\/2025\/10\/899.webp\",\"datePublished\":\"2025-10-03T21:40:12+00:00\",\"dateModified\":\"2025-10-30T23:21:16+00:00\",\"description\":\"Komfortabler Transport f\u00fcr jede Reise Bei Hurghada Blend sorgen wir daf\u00fcr, dass Ihr Reiseerlebnis komfortabel beginnt und endet. Ob Sie zum Flughafen\",\"breadcrumb\":{\"@id\":\"https:\/\/hurghadablend.com\/transportion\/#breadcrumb\"},\"inLanguage\":\"de\",\"potentialAction\":[{\"@type\":\"ReadAction\",\"target\":[\"https:\/\/hurghadablend.com\/transportion\/\"]}]},{\"@type\":\"ImageObject\",\"inLanguage\":\"de\",\"@id\":\"https:\/\/hurghadablend.com\/transportion\/#primaryimage\",\"url\":\"https:\/\/hurghadablend.com\/wp-content\/uploads\/2025\/10\/899.webp\",\"contentUrl\":\"https:\/\/hurghadablend.com\/wp-content\/uploads\/2025\/10\/899.webp\",\"width\":1000,\"height\":375},{\"@type\":\"BreadcrumbList\",\"@id\":\"https:\/\/hurghadablend.com\/transportion\/#breadcrumb\",\"itemListElement\":[{\"@type\":\"ListItem\",\"position\":1,\"name\":\"Home\",\"item\":\"https:\/\/hurghadablend.com\/de\/\"},{\"@type\":\"ListItem\",\"position\":2,\"name\":\"Transport\"}]},{\"@type\":\"WebSite\",\"@id\":\"https:\/\/hurghadablend.com\/#website\",\"url\":\"https:\/\/hurghadablend.com\/\",\"name\":\"Hurghada Blend\",\"description\":\"Discover the beauty of the Red Sea with Hurghada Blend \u2014 your trusted partner for unforgettable sea trips, safari adventures, and cultural tours across Egypt\u2019s most iconic destinations.\",\"publisher\":{\"@id\":\"https:\/\/hurghadablend.com\/#organization\"},\"alternateName\":\"Discover the beauty of the Red Sea with Hurghada Blend \u2014 your trusted partner for unforgettable sea trips, safari adventures, and cultural tours across Egypt\u2019s most iconic destinations.\",\"potentialAction\":[{\"@type\":\"SearchAction\",\"target\":{\"@type\":\"EntryPoint\",\"urlTemplate\":\"https:\/\/hurghadablend.com\/?s={search_term_string}\"},\"query-input\":{\"@type\":\"PropertyValueSpecification\",\"valueRequired\":true,\"valueName\":\"search_term_string\"}}],\"inLanguage\":\"de\"},{\"@type\":\"Organization\",\"@id\":\"https:\/\/hurghadablend.com\/#organization\",\"name\":\"hurghada blend\",\"url\":\"https:\/\/hurghadablend.com\/\",\"logo\":{\"@type\":\"ImageObject\",\"inLanguage\":\"de\",\"@id\":\"https:\/\/hurghadablend.com\/#\/schema\/logo\/image\/\",\"url\":\"https:\/\/hurghadablend.com\/wp-content\/uploads\/2022\/04\/cropped-hurghada-blend-logo.png\",\"contentUrl\":\"https:\/\/hurghadablend.com\/wp-content\/uploads\/2022\/04\/cropped-hurghada-blend-logo.png\",\"width\":512,\"height\":512,\"caption\":\"hurghada blend\"},\"image\":{\"@id\":\"https:\/\/hurghadablend.com\/#\/schema\/logo\/image\/\"}}]}<\/script>\n<!-- \/ Yoast SEO plugin. -->","yoast_head_json":{"title":"Transport - Hurghada Blend","description":"Komfortabler Transport f\u00fcr jede Reise Bei Hurghada Blend sorgen wir daf\u00fcr, dass Ihr Reiseerlebnis komfortabel beginnt und endet. Ob Sie zum Flughafen","robots":{"index":"index","follow":"follow","max-snippet":"max-snippet:-1","max-image-preview":"max-image-preview:large","max-video-preview":"max-video-preview:-1"},"canonical":"https:\/\/hurghadablend.com\/transportion\/","og_locale":"de_DE","og_type":"article","og_title":"Transport - Hurghada Blend","og_description":"Komfortabler Transport f\u00fcr jede Reise Bei Hurghada Blend sorgen wir daf\u00fcr, dass Ihr Reiseerlebnis komfortabel beginnt und endet. Ob Sie zum Flughafen","og_url":"https:\/\/hurghadablend.com\/transportion\/","og_site_name":"Hurghada Blend","article_modified_time":"2025-10-30T23:21:16+00:00","og_image":[{"width":1000,"height":375,"url":"https:\/\/hurghadablend.com\/wp-content\/uploads\/2025\/10\/899.webp","type":"image\/webp"}],"twitter_card":"summary_large_image","twitter_misc":{"Gesch\u00e4tzte Lesezeit":"1\u00a0Minute"},"schema":{"@context":"https:\/\/schema.org","@graph":[{"@type":"WebPage","@id":"https:\/\/hurghadablend.com\/transportion\/","url":"https:\/\/hurghadablend.com\/transportion\/","name":"Transport - Hurghada Blend","isPartOf":{"@id":"https:\/\/hurghadablend.com\/#website"},"primaryImageOfPage":{"@id":"https:\/\/hurghadablend.com\/transportion\/#primaryimage"},"image":{"@id":"https:\/\/hurghadablend.com\/transportion\/#primaryimage"},"thumbnailUrl":"https:\/\/hurghadablend.com\/wp-content\/uploads\/2025\/10\/899.webp","datePublished":"2025-10-03T21:40:12+00:00","dateModified":"2025-10-30T23:21:16+00:00","description":"Komfortabler Transport f\u00fcr jede Reise Bei Hurghada Blend sorgen wir daf\u00fcr, dass Ihr Reiseerlebnis komfortabel beginnt und endet. Ob Sie zum Flughafen","breadcrumb":{"@id":"https:\/\/hurghadablend.com\/transportion\/#breadcrumb"},"inLanguage":"de","potentialAction":[{"@type":"ReadAction","target":["https:\/\/hurghadablend.com\/transportion\/"]}]},{"@type":"ImageObject","inLanguage":"de","@id":"https:\/\/hurghadablend.com\/transportion\/#primaryimage","url":"https:\/\/hurghadablend.com\/wp-content\/uploads\/2025\/10\/899.webp","contentUrl":"https:\/\/hurghadablend.com\/wp-content\/uploads\/2025\/10\/899.webp","width":1000,"height":375},{"@type":"BreadcrumbList","@id":"https:\/\/hurghadablend.com\/transportion\/#breadcrumb","itemListElement":[{"@type":"ListItem","position":1,"name":"Home","item":"https:\/\/hurghadablend.com\/de\/"},{"@type":"ListItem","position":2,"name":"Transport"}]},{"@type":"WebSite","@id":"https:\/\/hurghadablend.com\/#website","url":"https:\/\/hurghadablend.com\/","name":"Hurghada Blend","description":"Discover the beauty of the Red Sea with Hurghada Blend \u2014 your trusted partner for unforgettable sea trips, safari adventures, and cultural tours across Egypt\u2019s most iconic destinations.","publisher":{"@id":"https:\/\/hurghadablend.com\/#organization"},"alternateName":"Discover the beauty of the Red Sea with Hurghada Blend \u2014 your trusted partner for unforgettable sea trips, safari adventures, and cultural tours across Egypt\u2019s most iconic destinations.","potentialAction":[{"@type":"SearchAction","target":{"@type":"EntryPoint","urlTemplate":"https:\/\/hurghadablend.com\/?s={search_term_string}"},"query-input":{"@type":"PropertyValueSpecification","valueRequired":true,"valueName":"search_term_string"}}],"inLanguage":"de"},{"@type":"Organization","@id":"https:\/\/hurghadablend.com\/#organization","name":"hurghada blend","url":"https:\/\/hurghadablend.com\/","logo":{"@type":"ImageObject","inLanguage":"de","@id":"https:\/\/hurghadablend.com\/#\/schema\/logo\/image\/","url":"https:\/\/hurghadablend.com\/wp-content\/uploads\/2022\/04\/cropped-hurghada-blend-logo.png","contentUrl":"https:\/\/hurghadablend.com\/wp-content\/uploads\/2022\/04\/cropped-hurghada-blend-logo.png","width":512,"height":512,"caption":"hurghada blend"},"image":{"@id":"https:\/\/hurghadablend.com\/#\/schema\/logo\/image\/"}}]}},"_links":{"self":[{"href":"https:\/\/hurghadablend.com\/de\/wp-json\/wp\/v2\/pages\/13604","targetHints":{"allow":["GET"]}}],"collection":[{"href":"https:\/\/hurghadablend.com\/de\/wp-json\/wp\/v2\/pages"}],"about":[{"href":"https:\/\/hurghadablend.com\/de\/wp-json\/wp\/v2\/types\/page"}],"author":[{"embeddable":true,"href":"https:\/\/hurghadablend.com\/de\/wp-json\/wp\/v2\/users\/1"}],"replies":[{"embeddable":true,"href":"https:\/\/hurghadablend.com\/de\/wp-json\/wp\/v2\/comments?post=13604"}],"version-history":[{"count":10,"href":"https:\/\/hurghadablend.com\/de\/wp-json\/wp\/v2\/pages\/13604\/revisions"}],"predecessor-version":[{"id":14108,"href":"https:\/\/hurghadablend.com\/de\/wp-json\/wp\/v2\/pages\/13604\/revisions\/14108"}],"wp:featuredmedia":[{"embeddable":true,"href":"https:\/\/hurghadablend.com\/de\/wp-json\/wp\/v2\/media\/12955"}],"wp:attachment":[{"href":"https:\/\/hurghadablend.com\/de\/wp-json\/wp\/v2\/media?parent=13604"}],"curies":[{"name":"wp","href":"https:\/\/api.w.org\/{rel}","templated":true}]}}